{"id":33,"date":"2012-12-20T19:20:13","date_gmt":"2012-12-20T19:20:13","guid":{"rendered":"https:\/\/www.manhes.com.br\/?page_id=33"},"modified":"2013-05-16T01:52:41","modified_gmt":"2013-05-16T01:52:41","slug":"cursos-babas","status":"publish","type":"page","link":"https:\/\/www.manhes.com.br\/?page_id=33","title":{"rendered":"Curso Bab\u00e1s"},"content":{"rendered":"<div>\n<div style=\"text-align: center;\"><\/div>\n<div style=\"text-align: left;\"><b>________________________________________________________________________________<\/b><\/div>\n<div><b>\u00a0<\/b><\/div>\n<\/div>\n<div>\n<div>\n<h2 style=\"text-align: justify;\"><span style=\"color: #cc99ff;\">Se voc\u00ea tem uma profissional de sua confian\u00e7a e deseja capacit\u00e1-la ou aprimor\u00e1-la para cuidar de seu filho, \u00a0esta pode ser uma boa op\u00e7\u00e3o<\/span><span style=\"color: #cc99ff;\">.<\/span><\/h2>\n<\/div>\n<\/div>\n<div>\n<div><b>________________________________________________________________________________<\/b><\/div>\n<div><\/div>\n<div><\/div>\n<div><span style=\"color: #ffffff;\">&#8212;&#8212;&#8212;&#8212;&#8212;&#8212;&#8212;&#8212;&#8212;&#8212;&#8212;-<\/span><\/div>\n<div>\n<p style=\"text-align: justify;\">O diferencial deste curso \u00e9 desenvolver a bab\u00e1 nos aspectos relacional e cognitivo e promover sua valoriza\u00e7\u00e3o. Visa o trato com o beb\u00ea de modo mais apropriado, fortalecendo o v\u00ednculo de confian\u00e7a e um relacionamento adequado com a fam\u00edlia.<\/p>\n<div style=\"text-align: justify;\"><\/div>\n<div style=\"text-align: justify;\"><b>Relacional<\/b>\u00a0&#8211; visa sensibilizar o profissional, mostrando de que forma suas a\u00e7\u00f5es impactam na crian\u00e7a. Visa contribuir para o aprimoramento do modo de se relacionar e promover mudan\u00e7as de atitude.<\/div>\n<div style=\"text-align: justify;\"><b><br \/>\n<\/b><b>Cognitivo<\/b>\u00a0&#8211; visa dar informa\u00e7\u00f5es sobre o desenvolvimento infantil. Sabe-se que a aprendizagem \u00e9 fundamental para promo\u00e7\u00e3o de mudan\u00e7as. (ver assuntos a serem tratados abaixo)<\/div>\n<div style=\"text-align: justify;\"><b><br \/>\n<\/b><b>Valoriza\u00e7\u00e3o<\/b>\u00a0&#8211; todas as vezes que um ser humano tem a oportunidade de aprender e crescer sua auto-estima melhora. Isso repercute no seu trabalho e nas suas rela\u00e7\u00f5es.<\/div>\n<div style=\"text-align: justify;\"><\/div>\n<div style=\"text-align: justify;\">\u00c9 poss\u00edvel fazer um treinamento personalizado para sua bab\u00e1 ou inclu\u00ed-la no grupo<\/div>\n<div style=\"text-align: justify;\"><span style=\"color: #ffffff;\">&#8212;&#8212;&#8212;&#8212;&#8212;&#8212;&#8212;&#8212;&#8212;&#8212;&#8212;&#8212;<\/span><\/div>\n<div style=\"text-align: justify;\">\n<div><span style=\"color: #ffffff;\">&#8212;&#8212;&#8212;&#8212;&#8212;&#8212;&#8212;&#8212;&#8212;&#8212;&#8212;&#8211;<\/span><\/div>\n<div><b><span style=\"color: #cc99ff;\">Completo ou Personalizado<\/span><a href=\"https:\/\/www.manhes.com.br\/?page_id=72\" target=\"_blank\"><span style=\"color: #cc99ff;\">\u00a0<\/span><\/a><\/b><a href=\"https:\/\/www.manhes.com.br\/?page_id=72\" target=\"_blank\">(programa\u00e7\u00e3o &#8211; clique aqui)<\/a><\/div>\n<div><\/div>\n<div><span style=\"color: #cc99ff;\"><strong>Intera\u00e7\u00e3o e brincadeira com a crian\u00e7a<\/strong><\/span>\u00a0<a href=\"https:\/\/www.manhes.com.br\/?page_id=463\" target=\"_blank\">(programa\u00e7\u00e3o &#8211; clique aqui)<\/a><\/div>\n<div><\/div>\n<div><span style=\"color: #cc99ff;\"><strong>Curso sobre cuidados com beb\u00eas prematuros<\/strong>\u00a0<\/span><a href=\"https:\/\/www.manhes.com.br\/?page_id=68\" target=\"_blank\">(programa\u00e7\u00e3o &#8211; clique aqui<\/a>)<\/div>\n<div><\/div>\n<div><span style=\"color: #ffffff;\">&#8212;&#8212;&#8212;&#8212;&#8212;&#8212;&#8212;&#8212;&#8212;-<\/span><\/div>\n<\/div>\n<\/div>\n<\/div>\n","protected":false},"excerpt":{"rendered":"<p>________________________________________________________________________________ \u00a0 Se voc\u00ea tem uma profissional de sua confian\u00e7a e deseja capacit\u00e1-la ou aprimor\u00e1-la para cuidar de seu filho, \u00a0esta pode ser uma boa op\u00e7\u00e3o. ________________________________________________________________________________ &#8212;&#8212;&#8212;&#8212;&#8212;&#8212;&#8212;&#8212;&#8212;&#8212;&#8212;- O diferencial deste curso \u00e9 desenvolver a bab\u00e1 nos aspectos relacional e cognitivo e promover sua valoriza\u00e7\u00e3o. Visa o trato com o beb\u00ea de modo mais apropriado,&hellip;<\/p>\n","protected":false},"author":1,"featured_media":0,"parent":0,"menu_order":4,"comment_status":"open","ping_status":"open","template":"","meta":{"footnotes":""},"class_list":["post-33","page","type-page","status-publish","hentry"],"_links":{"self":[{"href":"https:\/\/www.manhes.com.br\/index.php?rest_route=\/wp\/v2\/pages\/33","targetHints":{"allow":["GET"]}}],"collection":[{"href":"https:\/\/www.manhes.com.br\/index.php?rest_route=\/wp\/v2\/pages"}],"about":[{"href":"https:\/\/www.manhes.com.br\/index.php?rest_route=\/wp\/v2\/types\/page"}],"author":[{"embeddable":true,"href":"https:\/\/www.manhes.com.br\/index.php?rest_route=\/wp\/v2\/users\/1"}],"replies":[{"embeddable":true,"href":"https:\/\/www.manhes.com.br\/index.php?rest_route=%2Fwp%2Fv2%2Fcomments&post=33"}],"version-history":[{"count":10,"href":"https:\/\/www.manhes.com.br\/index.php?rest_route=\/wp\/v2\/pages\/33\/revisions"}],"predecessor-version":[{"id":505,"href":"https:\/\/www.manhes.com.br\/index.php?rest_route=\/wp\/v2\/pages\/33\/revisions\/505"}],"wp:attachment":[{"href":"https:\/\/www.manhes.com.br\/index.php?rest_route=%2Fwp%2Fv2%2Fmedia&parent=33"}],"curies":[{"name":"wp","href":"https:\/\/api.w.org\/{rel}","templated":true}]}}